{"id":379,"date":"2022-05-05T13:49:00","date_gmt":"2022-05-05T11:49:00","guid":{"rendered":"https:\/\/www.mobilityandhumanities.it\/bo2022\/?page_id=379"},"modified":"2022-05-09T17:41:35","modified_gmt":"2022-05-09T15:41:35","slug":"leta-contemporanea-da-napoleone-al-novecento-1806-1989","status":"publish","type":"page","link":"https:\/\/www.mobilityandhumanities.it\/bo2022\/leta-contemporanea-da-napoleone-al-novecento-1806-1989\/","title":{"rendered":"L&#8217;et\u00e0 contemporanea: da Napoleone al Novecento (1806-1989)"},"content":{"rendered":"<p>[vc_row row_height_percent=&#8221;0&#8243; back_color=&#8221;color-128925&#8243; overlay_alpha=&#8221;50&#8243; gutter_size=&#8221;3&#8243; column_width_percent=&#8221;100&#8243; shift_y=&#8221;0&#8243; z_index=&#8221;0&#8243; uncode_shortcode_id=&#8221;673745&#8243; back_color_type=&#8221;uncode-palette&#8221;][vc_column column_width_percent=&#8221;100&#8243; position_vertical=&#8221;bottom&#8221; align_horizontal=&#8221;align_center&#8221; gutter_size=&#8221;3&#8243; overlay_alpha=&#8221;50&#8243; shift_x=&#8221;0&#8243; shift_y=&#8221;0&#8243; shift_y_down=&#8221;0&#8243; z_index=&#8221;0&#8243; medium_width=&#8221;0&#8243; mobile_width=&#8221;0&#8243; width=&#8221;1\/1&#8243; uncode_shortcode_id=&#8221;179075&#8243;][vc_custom_heading heading_semantic=&#8221;h1&#8243; text_size=&#8221;h1&#8243; text_weight=&#8221;800&#8243; text_transform=&#8221;uppercase&#8221; uncode_shortcode_id=&#8221;847176&#8243;]L&#8217;et\u00e0 contemporanea: da Napoleone al Novecento<\/p>\n<p>(1806-1989)[\/vc_custom_heading][\/vc_column][\/vc_row][vc_row unlock_row_content=&#8221;yes&#8221; row_height_percent=&#8221;0&#8243; overlay_alpha=&#8221;50&#8243; gutter_size=&#8221;4&#8243; column_width_use_pixel=&#8221;yes&#8221; shift_y=&#8221;0&#8243; z_index=&#8221;0&#8243; column_width_pixel=&#8221;1600&#8243; uncode_shortcode_id=&#8221;208784&#8243;][vc_column width=&#8221;7\/12&#8243;][vc_single_image media=&#8221;380&#8243; media_width_percent=&#8221;100&#8243; media_ratio=&#8221;four-three&#8221; uncode_shortcode_id=&#8221;986326&#8243;][\/vc_column][vc_column column_width_percent=&#8221;100&#8243; position_vertical=&#8221;middle&#8221; gutter_size=&#8221;3&#8243; overlay_alpha=&#8221;50&#8243; shift_x=&#8221;0&#8243; shift_y=&#8221;0&#8243; shift_y_down=&#8221;0&#8243; z_index=&#8221;0&#8243; medium_width=&#8221;0&#8243; mobile_width=&#8221;0&#8243; width=&#8221;5\/12&#8243;][vc_custom_heading heading_semantic=&#8221;h1&#8243; text_size=&#8221;h3&#8243; text_weight=&#8221;800&#8243; uncode_shortcode_id=&#8221;157956&#8243;]Donne laureate nelle Scienze Matematiche, Fisiche e Naturali dal 1806 al 1922[\/vc_custom_heading][vc_column_text uncode_shortcode_id=&#8221;160616&#8243;]<span style=\"font-weight: 400;\">Il tema della presenza femminile nelle <strong>STEM<\/strong>, vale a dire nelle aree disciplinari delle <strong>Scienze, della Tecnologia, dell\u2019Ingegneria e della Matematica<\/strong><\/span> <span style=\"font-weight: 400;\">\u00e8 una questione di grande attualit\u00e0.<\/span><\/p>\n<p><span style=\"font-weight: 400;\">La tendenza complessiva, infatti, vede questa macro-area di studi una sorta di monopolio maschile anche se alcune statistiche pi\u00f9 recenti indicano un\u2019inversione, seppur parziale, di rotta. Questo scenario intende dunque mostrare <strong>l\u2019effettiva presenza delle studentesse nelle facolt\u00e0 dell\u2019Universit\u00e0 di Padova che possiamo ricondurre a questo filone di studi. <\/strong><\/span><\/p>\n<p><span style=\"font-weight: 400;\">Ci accorgiamo cos\u00ec di una forte presenza femminile in particolare in una facolt\u00e0, quella delle Scienze matematiche, fisiche e naturali che anzi, ancor pi\u00f9 che Lettere e Filosofia, rappresenta una delle facolt\u00e0 \u2018femminili\u2019 per eccellenza. <\/span><\/p>\n<p><span style=\"font-weight: 400;\">Sar\u00e0 interessante osservare quali corsi di laurea sono prediletti dalle studentesse cos\u00ec come soffermarsi sull\u2019atto finale, la tesi, passando in rassegna qualche titolo, e risalire &#8211; laddove \u00e8 stato possibile individuarlo &#8211; al nome del relatore. <\/span>[\/vc_column_text][vc_button button_color=&#8221;color-370150&#8243; border_width=&#8221;0&#8243; link=&#8221;url:https%3A%2F%2Fpatavini.800anni.unipd.it%2Fviewer.p%2F5%2F2189%2Fscenario%2F37%2Fgeo%2F|target:_blank&#8221; button_color_type=&#8221;uncode-palette&#8221; uncode_shortcode_id=&#8221;846122&#8243;]Esplora lo scenario[\/vc_button][\/vc_column][\/vc_row][vc_row][vc_column width=&#8221;1\/1&#8243;][vc_separator sep_color=&#8221;&#8221; uncode_shortcode_id=&#8221;141577&#8243;][\/vc_column][\/vc_row][vc_row unlock_row_content=&#8221;yes&#8221; row_height_percent=&#8221;0&#8243; overlay_alpha=&#8221;50&#8243; gutter_size=&#8221;4&#8243; column_width_use_pixel=&#8221;yes&#8221; shift_y=&#8221;0&#8243; z_index=&#8221;0&#8243; column_width_pixel=&#8221;1600&#8243; uncode_shortcode_id=&#8221;208784&#8243;][vc_column column_width_percent=&#8221;100&#8243; position_vertical=&#8221;middle&#8221; gutter_size=&#8221;3&#8243; overlay_alpha=&#8221;50&#8243; shift_x=&#8221;0&#8243; shift_y=&#8221;0&#8243; shift_y_down=&#8221;0&#8243; z_index=&#8221;0&#8243; medium_width=&#8221;0&#8243; mobile_width=&#8221;0&#8243; width=&#8221;5\/12&#8243;][vc_custom_heading heading_semantic=&#8221;h1&#8243; text_size=&#8221;h3&#8243; text_weight=&#8221;800&#8243; uncode_shortcode_id=&#8221;143715&#8243;]Laureati dall&#8217;estero 1806-1922[\/vc_custom_heading][vc_column_text uncode_shortcode_id=&#8221;522233&#8243;]L\u2019Universit\u00e0 di Padova ha da sempre rappresentato un polo d\u2019attrazione per giovani provenienti da ogni dove.<\/p>\n<p>In <strong>et\u00e0 contemporanea<\/strong>, naturalmente, la situazione in parte cambia: nuove universit\u00e0 prendono vita, in Italia come altrove, ecco dunque che il numero di studenti stranieri in rapporto al numero complessivo di iscritti si riduce significativamente, ma non per questo l\u2019Ateneo cessa di essere una meta ambita, desiderata.<\/p>\n<p><strong>Lo scenario intende perci\u00f2 mostrare i profili di studenti nati fuori dal territorio italiano (o, meglio, fuori dagli attuali confini dell\u2019Italia).<\/strong><\/p>\n<p>Naturalmente la storia di ognuno di loro \u00e8 differente: alcuni, possiamo immaginare, approdarono in Italia da bambini, seguendo i propri genitori, altri invece giunsero nella penisola appositamente per studiare a Padova.<\/p>\n<p>Dietro a questi nomi e a questa mappa, perci\u00f2, ci sono tante storie tutte da scoprire&#8230;[\/vc_column_text][vc_button button_color=&#8221;color-370150&#8243; border_width=&#8221;0&#8243; link=&#8221;url:https%3A%2F%2Fpatavini.800anni.unipd.it%2Fviewer.p%2F5%2F2189%2Fscenario%2F38%2Fgeo%2F|target:_blank&#8221; button_color_type=&#8221;uncode-palette&#8221; uncode_shortcode_id=&#8221;139295&#8243;]Esplora lo scenario[\/vc_button][\/vc_column][vc_column width=&#8221;7\/12&#8243;][vc_single_image media=&#8221;384&#8243; media_width_percent=&#8221;100&#8243; media_ratio=&#8221;four-three&#8221; uncode_shortcode_id=&#8221;844539&#8243;][\/vc_column][\/vc_row][vc_row][vc_column width=&#8221;1\/1&#8243;][vc_empty_space empty_h=&#8221;2&#8243;][\/vc_column][\/vc_row][vc_row][vc_column width=&#8221;1\/1&#8243;][vc_separator sep_color=&#8221;&#8221; uncode_shortcode_id=&#8221;189734&#8243;][\/vc_column][\/vc_row][vc_row row_height_percent=&#8221;0&#8243; back_color=&#8221;color-lxmt&#8221; overlay_alpha=&#8221;50&#8243; gutter_size=&#8221;3&#8243; column_width_percent=&#8221;100&#8243; shift_y=&#8221;0&#8243; z_index=&#8221;0&#8243; uncode_shortcode_id=&#8221;289670&#8243; back_color_type=&#8221;uncode-palette&#8221;][vc_column column_width_percent=&#8221;100&#8243; position_vertical=&#8221;middle&#8221; align_horizontal=&#8221;align_center&#8221; gutter_size=&#8221;3&#8243; overlay_alpha=&#8221;50&#8243; shift_x=&#8221;0&#8243; shift_y=&#8221;0&#8243; shift_y_down=&#8221;0&#8243; z_index=&#8221;0&#8243; medium_width=&#8221;0&#8243; mobile_width=&#8221;0&#8243; width=&#8221;1\/1&#8243; uncode_shortcode_id=&#8221;397475&#8243;][vc_custom_heading text_color=&#8221;color-wvjs&#8221; text_size=&#8221;h3&#8243; text_weight=&#8221;600&#8243; uncode_shortcode_id=&#8221;149725&#8243; text_color_type=&#8221;uncode-palette&#8221;]<\/p>\n<p style=\"text-align: center;\">In osservanza alle vigenti norme sulla privacy e sul trattamento di dati personali, gli scenari pubblicamente accessibili si fermano al 1922, 7\u00b0 Centenario dell&#8217;Ateneo.<\/p>\n<p style=\"text-align: center;\">Per poter accedere ai dati pi\u00f9 recenti, si prega si contattare il team Bo2022 scrivendo a <a href=\"mailto:mobilityandhumanities@unipd.it\" target=\"_blank\" rel=\"noopener\">mobilityandhumanities@unipd.it<\/a><\/p>\n<p>[\/vc_custom_heading][\/vc_column][\/vc_row][vc_row][vc_column width=&#8221;1\/1&#8243;][vc_separator sep_color=&#8221;&#8221; uncode_shortcode_id=&#8221;189734&#8243;][\/vc_column][\/vc_row][vc_row][vc_column width=&#8221;1\/1&#8243;][vc_empty_space][\/vc_column][\/vc_row]<\/p>\n","protected":false},"excerpt":{"rendered":"<p>[vc_row row_height_percent=&#8221;0&#8243; back_color=&#8221;color-128925&#8243; overlay_alpha=&#8221;50&#8243; gutter_size=&#8221;3&#8243; column_width_percent=&#8221;100&#8243; shift_y=&#8221;0&#8243; z_index=&#8221;0&#8243; uncode_shortcode_id=&#8221;673745&#8243; back_color_type=&#8221;uncode-palette&#8221;][vc_column column_width_percent=&#8221;100&#8243; position_vertical=&#8221;bottom&#8221; align_horizontal=&#8221;align_center&#8221; gutter_size=&#8221;3&#8243; overlay_alpha=&#8221;50&#8243; shift_x=&#8221;0&#8243; shift_y=&#8221;0&#8243; shift_y_down=&#8221;0&#8243; z_index=&#8221;0&#8243; medium_width=&#8221;0&#8243; [&hellip;]<\/p>\n","protected":false},"author":1,"featured_media":0,"parent":0,"menu_order":0,"comment_status":"closed","ping_status":"closed","template":"","meta":{"footnotes":""},"class_list":["post-379","page","type-page","status-publish","hentry"],"_links":{"self":[{"href":"https:\/\/www.mobilityandhumanities.it\/bo2022\/wp-json\/wp\/v2\/pages\/379","targetHints":{"allow":["GET"]}}],"collection":[{"href":"https:\/\/www.mobilityandhumanities.it\/bo2022\/wp-json\/wp\/v2\/pages"}],"about":[{"href":"https:\/\/www.mobilityandhumanities.it\/bo2022\/wp-json\/wp\/v2\/types\/page"}],"author":[{"embeddable":true,"href":"https:\/\/www.mobilityandhumanities.it\/bo2022\/wp-json\/wp\/v2\/users\/1"}],"replies":[{"embeddable":true,"href":"https:\/\/www.mobilityandhumanities.it\/bo2022\/wp-json\/wp\/v2\/comments?post=379"}],"version-history":[{"count":9,"href":"https:\/\/www.mobilityandhumanities.it\/bo2022\/wp-json\/wp\/v2\/pages\/379\/revisions"}],"predecessor-version":[{"id":406,"href":"https:\/\/www.mobilityandhumanities.it\/bo2022\/wp-json\/wp\/v2\/pages\/379\/revisions\/406"}],"wp:attachment":[{"href":"https:\/\/www.mobilityandhumanities.it\/bo2022\/wp-json\/wp\/v2\/media?parent=379"}],"curies":[{"name":"wp","href":"https:\/\/api.w.org\/{rel}","templated":true}]}}